{"id":7701,"date":"2025-11-05T16:32:15","date_gmt":"2025-11-05T16:32:15","guid":{"rendered":"https:\/\/scpa-ca.ro\/?page_id=7701"},"modified":"2025-11-05T18:56:04","modified_gmt":"2025-11-05T18:56:04","slug":"termeni-conditii","status":"publish","type":"page","link":"https:\/\/www.scpa-ca.ro\/en\/termeni-conditii\/","title":{"rendered":"Terms &amp; Conditions"},"content":{"rendered":"<div data-elementor-type=\"wp-page\" data-elementor-id=\"7701\" class=\"elementor elementor-7701\" data-elementor-post-type=\"page\">\n\t\t\t\t\t\t<section class=\"elementor-section elementor-top-section elementor-element elementor-element-67adacf elementor-section-boxed elementor-section-height-default elementor-section-height-default\" data-id=\"67adacf\" data-element_type=\"section\" data-settings=\"{&quot;jet_parallax_layout_list&quot;:[]}\">\n\t\t\t\t\t\t<div class=\"elementor-container elementor-column-gap-default\">\n\t\t\t\t\t<div class=\"elementor-column elementor-col-100 elementor-top-column elementor-element elementor-element-4c6984e\" data-id=\"4c6984e\" data-element_type=\"column\">\n\t\t\t<div class=\"elementor-widget-wrap elementor-element-populated\">\n\t\t\t\t\t\t<div class=\"elementor-element elementor-element-4b66fb2 elementor-widget elementor-widget-text-editor\" data-id=\"4b66fb2\" data-element_type=\"widget\" data-widget_type=\"text-editor.default\">\n\t\t\t\t<div class=\"elementor-widget-container\">\n\t\t\t\t\t\t\t\t\t<p>Identification data:<\/p><p>SPRL Calinescu \u0219i ASOCIATII<br \/>CUI RO 22781417 <br \/>Bulevardul Na\u021biunile Unite nr. 8 bl. 104 sc. 3 et. 8 ap. 64-65, Sector 5, Bucure\u0219ti.<\/p><p>The terms and conditions applicable to www.scpa-ca.ro are the following:<\/p><p><strong>1. General information<\/strong><br \/>The website www.scpa-ca.ro is administered by the Professional Civil Law Firm of Calinescu &amp; Associates, headquartered in Romania, with the aim of providing general information about the legal activity carried out by the company, its areas of practice and contact methods.<br \/>Accessing and using this site implies full acceptance of these Terms and Conditions. <span style=\"text-decoration: underline;\">Dac\u0103 nu sunte\u021bi<\/span> de acord cu ace\u0219ti termeni, v\u0103 rug\u0103m s\u0103 nu utiliza\u021bi site-ul.<\/p><p><strong>2. Purpose of the website<\/strong><br \/>The site is exclusively informative.<br \/>The information published does not constitute legal advice, legal opinion or professional recommendation. For any specific legal issue, please contact the company directly or one of our authorized lawyers.<\/p><p><strong>3. Intellectual property rights<\/strong><br \/>The entire content of the site (texts, images, logos, page structure, graphic elements, company name, etc.) is the exclusive property of SPRL Calinescu &amp; Asocia\u021bii and is protected under Romanian copyright and trademark law.<br \/>Reproduction, distribution, modification, publication or use of any part of the content without the written consent of the owner is strictly prohibited.<\/p><p><strong>4. Limitation of liability<\/strong><br \/>The company makes every effort to ensure that the information on the site is correct and up-to-date, but does not guarantee its accuracy, completeness or timeliness.<br \/>SPRL Calinescu &amp; Asocia\u021bii does not assume liability for:<br \/>\u2013 any errors or omissions in the content of the site;<br \/>\u2013 using information from the site without consulting a lawyer;<br \/>\u2013 possible temporary interruptions in the operation of the site.<\/p><p><strong>5. Privacy and data protection<\/strong><br \/>SPRL Calinescu &amp; Asocia\u021bii complies with the legislation on the protection of personal data (EU Regulation 2016\/679 \u2013 GDPR).<br \/>The data transmitted through the contact forms will be used exclusively to respond to the requests received and will not be communicated to third parties without the consent of the data subject.<br \/>For full details on data processing, please see the section dedicated to the Privacy Policy.<\/p><p><strong>6. Links to other sites<\/strong><br \/>The site may contain links to other web pages managed by third parties.<br \/>SPRL Calinescu &amp; Asocia\u021bii is not responsible for the content or privacy policy of these external sites.<\/p><p><strong>7. Changes<\/strong><br \/>The company reserves the right to modify the content and structure of the site, as well as the terms and conditions of use, at any time, without prior notice.<br \/>The updated version will be permanently displayed on this page.<\/p><p>8. <strong>Applicable law and jurisdiction<\/strong><br \/>The use of this site is governed by Romanian law.<br \/>Any dispute regarding the content or use of the site will be resolved by the competent courts in Romania.<\/p><p><strong>9. Contact<\/strong><br \/>For questions related to these terms or for any legal request, you can contact us at:<br \/>&#8211; office@scpa-ca.ro<br \/>&#8211; SPRL Calinescu &amp; Asocia\u021bii, Rom\u00e2nia &#8211; Bulevardul Na\u021biunile Unite nr. 8 bl. 104 sc. 3 et. 8 ap. 64-65, Sector 5, Bucure\u0219ti.<\/p>\t\t\t\t\t\t\t\t<\/div>\n\t\t\t\t<\/div>\n\t\t\t\t\t<\/div>\n\t\t<\/div>\n\t\t\t\t\t<\/div>\n\t\t<\/section>\n\t\t\t\t<\/div>","protected":false},"excerpt":{"rendered":"<p>Date de identificare: SPRL Calinescu \u0219i ASOCIATIICUI RO 22781417 Bulevardul Na\u021biunile Unite nr. 8 bl. 104 sc. 3 et. 8 ap. 64-65, Sector 5, Bucure\u0219ti. Termenii si conditiile aplicabile pentru www.scpa-ca.ro sunt urmatoarele: 1. Informa\u021bii generaleSite-ul www.scpa-ca.ro este administrat de Societatea Civil\u0103 Profesional\u0103 de Avoca\u021bi Calinescu &amp; Asocia\u021bii, cu sediul \u00een Rom\u00e2nia, av\u00e2nd scopul de [&hellip;]<\/p>","protected":false},"author":1,"featured_media":0,"parent":0,"menu_order":0,"comment_status":"closed","ping_status":"closed","template":"","meta":{"_acf_changed":false,"_monsterinsights_skip_tracking":false,"_monsterinsights_sitenote_active":false,"_monsterinsights_sitenote_note":"","_monsterinsights_sitenote_category":0,"footnotes":""},"class_list":["post-7701","page","type-page","status-publish","hentry"],"acf":[],"aioseo_notices":[],"_links":{"self":[{"href":"https:\/\/www.scpa-ca.ro\/en\/wp-json\/wp\/v2\/pages\/7701","targetHints":{"allow":["GET"]}}],"collection":[{"href":"https:\/\/www.scpa-ca.ro\/en\/wp-json\/wp\/v2\/pages"}],"about":[{"href":"https:\/\/www.scpa-ca.ro\/en\/wp-json\/wp\/v2\/types\/page"}],"author":[{"embeddable":true,"href":"https:\/\/www.scpa-ca.ro\/en\/wp-json\/wp\/v2\/users\/1"}],"replies":[{"embeddable":true,"href":"https:\/\/www.scpa-ca.ro\/en\/wp-json\/wp\/v2\/comments?post=7701"}],"version-history":[{"count":12,"href":"https:\/\/www.scpa-ca.ro\/en\/wp-json\/wp\/v2\/pages\/7701\/revisions"}],"predecessor-version":[{"id":7728,"href":"https:\/\/www.scpa-ca.ro\/en\/wp-json\/wp\/v2\/pages\/7701\/revisions\/7728"}],"wp:attachment":[{"href":"https:\/\/www.scpa-ca.ro\/en\/wp-json\/wp\/v2\/media?parent=7701"}],"curies":[{"name":"wp","href":"https:\/\/api.w.org\/{rel}","templated":true}]}}