{"id":7674,"date":"2025-11-02T21:37:17","date_gmt":"2025-11-02T21:37:17","guid":{"rendered":"https:\/\/scpa-ca.ro\/?page_id=7674"},"modified":"2025-11-02T21:50:25","modified_gmt":"2025-11-02T21:50:25","slug":"prelucrarea-datelor","status":"publish","type":"page","link":"https:\/\/www.scpa-ca.ro\/en\/prelucrarea-datelor\/","title":{"rendered":"Data Protection"},"content":{"rendered":"<div data-elementor-type=\"wp-page\" data-elementor-id=\"7674\" class=\"elementor elementor-7674\" data-elementor-post-type=\"page\">\n\t\t\t\t\t\t<section class=\"elementor-section elementor-top-section elementor-element elementor-element-3ed2af0 elementor-section-boxed elementor-section-height-default elementor-section-height-default\" data-id=\"3ed2af0\" data-element_type=\"section\" data-settings=\"{&quot;jet_parallax_layout_list&quot;:[]}\">\n\t\t\t\t\t\t<div class=\"elementor-container elementor-column-gap-default\">\n\t\t\t\t\t<div class=\"elementor-column elementor-col-100 elementor-top-column elementor-element elementor-element-bb6cadd\" data-id=\"bb6cadd\" data-element_type=\"column\">\n\t\t\t<div class=\"elementor-widget-wrap elementor-element-populated\">\n\t\t\t\t\t\t<div class=\"elementor-element elementor-element-be6ea49 elementor-widget elementor-widget-text-editor\" data-id=\"be6ea49\" data-element_type=\"widget\" data-widget_type=\"text-editor.default\">\n\t\t\t\t<div class=\"elementor-widget-container\">\n\t\t\t\t\t\t\t\t\t<p>This document explains the ways in which \"C\u0103linescu \u0219i Asocia\u021bii\" collects, processes and stores the personal data of its members.<\/p><p>The protection of personal data is very important to \"C\u0103linescu \u0219i Asocia\u021bii\" and we want you to be properly informed about the way and purposes in which \"C\u0103linescu \u0219i Asocia\u021bii\" processes your personal data.<\/p><p>If you notice any errors in the provision of personal data concerning you, please inform us as soon as possible, using any of the means indicated below.<\/p><p>\u00a0<\/p><ol><li><strong>Principles of personal data processing<\/strong><\/li><\/ol><p>1.1. Personal data is processed by \"C\u0103linescu \u0219i Asocia\u021bii\" in good faith and in accordance with the legal provisions in force.<\/p><p>1.2. Personal data is collected by \"C\u0103linescu \u0219i Asocia\u021bii\" for well-determined, explicit and legitimate purposes, and further processing will not be incompatible with these purposes.<\/p><p>1.3. Personal data are adequate, relevant and not excessive in relation to the purpose for which they are collected and subsequently processed.<\/p><p>1.4. Personal data is not stored by \"C\u0103linescu \u0219i Asocia\u021bii\" for a longer period than is necessary to achieve the purposes for which they were collected.<\/p><p>1.5. \"C\u0103linescu \u0219i Asocia\u021bii\" has taken appropriate technical and organizational measures to protect personal data against accidental or unlawful destruction, loss, alteration, disclosure, unauthorized access or any other form of unlawful processing, as well as regarding the deletion or rectification of inaccurate or incomplete data in terms of the purpose for which they are collected and for which they will be subsequently processed.<\/p><p>\u00a0<\/p><ol start=\"2\"><li><strong>Data categories and purpose of using personal data<\/strong><\/li><\/ol><p>2.1. The personal data referred to include identification elements such as name and surname, name and surname of the authorized persons (as applicable), professional data, judicial data, telephone number, e-mail address, which serve to identify you or the persons who represent you or whom you represent.<\/p><p>2.2. \"C\u0103linescu \u0219i Asocia\u021bii\" will collect, use, process and provide the personal data provided by you for the following purposes: registration for courses organized by \"C\u0103linescu \u0219i Asocia\u021bii\", issuing and transmitting documents and any other processes arising from membership or for non-members requesting documents issued by \"C\u0103linescu \u0219i Asocia\u021bii\" in order to register with the association.<\/p><p>2.3. Personal data is intended for exclusive use by \"C\u0103linescu \u0219i Asocia\u021bii\" and will not be sold to third parties.<\/p><p>2.4. \"C\u0103linescu and Associates\" does not collect and process personal data belonging to minors.<\/p><p>\u00a0<\/p><ol start=\"3\"><li><strong>Security measures for processed personal data<\/strong><\/li><\/ol><p>3.1. This information note establishes technical and organizational measures implemented by \"C\u0103linescu \u0219i Asocia\u021bii\" to fulfill the obligations regarding the confidentiality and security of the processing carried out within the framework of its activity.<\/p><p>3.2. \"C\u0103linescu \u0219i Asocia\u021bii\" has adopted physical, electronic and managerial security measures to protect and secure the information we collect and process against accidental or unlawful destruction, loss, modification, disclosure, unauthorized access or any other form of unlawful processing. In this regard, a person responsible for compliance with the provisions of Regulation 679\/2016 will be designated at the \"C\u0103linescu \u0219i Asocia\u021bii\" level.<\/p><p>3.3. Please note that unfortunately no data transmission is 100% guaranteed.<\/p><p>3.4. You are responsible for the documents submitted by \"C\u0103linescu \u0219i Asocia\u021bii\".<\/p><p>3.5. If you suspect that the confidentiality of your data has been violated, please contact us at the e-mail address office@scpa-ca.ro.<\/p><p>3.6. In order to comply with the related legal provisions and in order to meet the requirements for the safe storage of data and information, \"C\u0103linescu \u0219i Asocia\u021bii\" has developed and implemented organizational and technical measures focused on certain directions of action:<\/p><p>\u2013 User identification and authentication;<\/p><p>\u2013 Access type;<\/p><p>\u2013 Data collection;<\/p><p>\u2013 Execution of safety copies;<\/p><p>\u2013 Staff training;<\/p><p>\u2013 Telecommunications systems;<\/p><p>\u2013 Using computers;<\/p><p>\u2013 Printing data.<\/p><p>\u00a0<\/p><ol start=\"4\"><li><strong>Specific procedures<\/strong><\/li><\/ol><p>4.1. Identification and authentication of the user, by user being understood any person acting under the authority of the Association for Pediatric Orthopedics and Traumatology or the person authorized by \"C\u0103linescu \u0219i Asocia\u021bii\", with a recognized right of access to the personal database.<\/p><p>4.2. To gain access to personal data, users must register.<\/p><p>4.3. In the case of automated processing, identification is carried out by authentication in the computer systems of \"C\u0103linescu \u0219i Asocia\u021bii\", authentication being done by entering unique authentication data, consisting of user account and password.<\/p><p>\u00a0<\/p><ol start=\"5\"><li><strong>How long will we keep personal data?<\/strong><\/li><\/ol><p>5.1. Unless you object to the processing of your personal data by us and\/or request the deletion of your personal data, the following retention periods apply, in accordance with our data retention policy, for the following categories of personal data:<\/p><p>\u2013 We do not store your personal data longer than is necessary for the purpose for which we retained it or to comply with a law or statutory requirement;<\/p><p>\u2013 For fiscal activities (invoice operations) we will retain the data for a period of 10 years.<\/p><p>\u00a0<\/p><ol start=\"6\"><li><strong>Your legal rights<\/strong><\/li><\/ol><p>6.1. As a data subject you have specific legal rights regarding the personal data we collect from you, \"C\u0103linescu \u0219i Asocia\u021bii\" respecting your individual rights and will take care of your interests accordingly.<\/p><p>\u2013 Right to withdraw consent: You can withdraw your consent to the processing of personal data at any time;<\/p><p>\u2013 Right to rectification: You can obtain from us the rectification of personal data concerning you. We make reasonable efforts to keep personal data \u2013 which is used continuously and which is in our possession or control \u2013 accurate, complete, current and relevant, based on the most recent information available to us;<\/p><p>\u2013 Right to restriction: You can obtain from us the restriction of the processing of personal data if you contest the accuracy of the personal data for the period in which we need to verify their accuracy, the processing is unlawful and you request the restriction of processing rather than the deletion of the personal data, we no longer need your personal data but you request them for the establishment, exercise or defence of a right or you object to the processing during the period in which we verify whether our legitimate reasons override yours.<\/p><p>\u2013 Right of access: You can ask us for information about the personal data we hold about you, including information about what categories of personal data we hold or control, what it is used for, where we collected it from, if not collected directly from you, and to whom it has been disclosed, if applicable. You can obtain from us a copy, free of charge, containing the personal data we hold about you. We reserve the right to charge a reasonable fee for each additional copy you may request.<\/p><p>\u2013 Right to portability: Upon request, we will transfer your personal data to another controller, where technically feasible, provided that the processing is based on your consent or is necessary for the performance of a contract. Rather than receiving a copy of your personal data, you can request that we transfer your data directly to another controller specified by you.<\/p><p>\u2013 Right to erasure: You can obtain from us the erasure of your personal data, if your personal data are no longer necessary for us in relation to the purposes for which they were collected or otherwise processed, you have the right to object to further processing of your personal data (see below) and to exercise this right to object to processing or the personal data have been processed unlawfully, unless the processing is necessary for compliance with a legal obligation that requires processing by us, in particular for legal requirements to retain personal data or for the establishment, exercise or defence of legal claims.<\/p><p>\u2013 Right to object: You may object at any time to the processing of your personal data due to your particular situation, provided that the processing is not based on your consent, but on our legitimate interests or those of a third party. In this case, we will no longer process the personal data, unless we can demonstrate compelling legitimate grounds and an overriding interest for the processing or for the establishment, exercise or defence of legal claims. If you object to the processing, please specify whether you wish to have your personal data erased or have our processing restricted.<\/p><p>\u2013 Right to lodge a complaint: In the event of an alleged breach of applicable privacy legislation, you may lodge a complaint with the supervisory authority for the protection of personal data in the country where you reside or where the alleged breach occurred.<\/p><p><u>Please note:<\/u><\/p><p>\u2013 Time period: We will try to fulfill the request within 30 days. However, the period may be extended for specific reasons related to the specific legal right or the complexity of the request.<\/p><p>\u2013 Access Restriction: In certain situations we may not be able to grant you access to all or part of your personal data due to legal requirements. If we deny your access request, we will inform you of the reason for the denial.<\/p><p>\u2013 Impossibility of identification: In some cases we may not be able to search for your personal data, due to the elements provided in your request.<\/p><p>\u2013 In such cases, where we cannot identify you as the data subject, we are unable to comply with your request to exercise the legal rights as described in this section, unless you provide additional information that allows you to be identified.<\/p><p>\u2013 Exercising your legal rights: To exercise your legal rights, please contact us at the email address\u00a0<u><a href=\"mailto:contact@ortopediepediatrica.ro\">office@scpa-ca.ro<\/a><\/u>.<\/p><p>\u00a0<\/p><ol start=\"7\"><li><strong>Disclosure of your personal data to third parties<\/strong><\/li><\/ol><p>7.1. Your information may be shared with third-party institutions or companies that have supplier status to \"C\u0103linescu \u0219i Asocia\u021bii\".<\/p><p>7.2. Where necessary, we will engage other companies and individuals to perform certain tasks that contribute to our services on our behalf. We may, for example, provide personal data to couriers, agents, contractors or partners for hosting our databases, for data processing services or to send you information that you have requested. We will share or make that information available to external service providers to the extent necessary to process your requests.<\/p><p>\u00a0<\/p><ol start=\"8\"><li><strong>Public organisations<\/strong><\/li><\/ol><p>8.1. We will only disclose your personal data to public bodies if required to do so by law. For example, \u201cC\u0103linescu \u0219i Asocia\u021bii\u201d will respond to requests from courts, law enforcement bodies, regulatory agencies and other public and official authorities, which may include such authorities outside your country of residence.<\/p><p>\u00a0<\/p><ol start=\"9\"><li><strong>Contact<\/strong><\/li><\/ol><p>9.1. For requests or questions regarding this document, please contact \"C\u0103linescu \u0219i Asocia\u021bii\" at the e-mail address\u00a0<a href=\"mailto:contact@ortopediepediatrica.ro\">office@scpa-ca.ro<\/a>.<\/p><p>\u00a0<\/p><ol start=\"10\"><li><strong>Final provisions<\/strong><\/li><\/ol><p>10.1. This information note is supplemented with the entire set of security procedures regarding the processing of personal data approved by the management of \"C\u0103linescu \u0219i Asocia\u021bii\".<\/p><p>To contact us, use the contact details listed below.<\/p><p>\u00a0<\/p><p><strong>CONTACT<\/strong><\/p><p>Address: Bulevardul Natiunilor Unite nr. 8 bl. 104 sc. 3 et. 8 ap. 64 int 64<\/p><p><strong>E-Mail:<\/strong> office@scpa-ca.ro<\/p>\t\t\t\t\t\t\t\t<\/div>\n\t\t\t\t<\/div>\n\t\t\t\t\t<\/div>\n\t\t<\/div>\n\t\t\t\t\t<\/div>\n\t\t<\/section>\n\t\t\t\t<\/div>","protected":false},"excerpt":{"rendered":"<p>Acest document explic\u0103 modalit\u0103\u021bile \u00een care &#8222;C\u0103linescu \u0219i Asocia\u021bii&#8221; colecteaz\u0103, prelucreaz\u0103 \u0219i stocheaz\u0103 datele personale ale membrilor s\u0103i. Protec\u021bia datelor cu caracter personal este foarte important\u0103 pentru &#8222;C\u0103linescu \u0219i Asocia\u021bii&#8221;\u00a0\u0219i ne dorim ca dumneavoastr\u0103 s\u0103 fi\u021bi informat corespunz\u0103tor cu privire la modul \u0219i scopurile \u00een care &#8222;C\u0103linescu \u0219i Asocia\u021bii&#8221;\u00a0prelucreaz\u0103 datele dumneavoastr\u0103 cu caracter personal. \u00cen [&hellip;]<\/p>","protected":false},"author":1,"featured_media":0,"parent":0,"menu_order":0,"comment_status":"closed","ping_status":"closed","template":"","meta":{"_acf_changed":false,"_monsterinsights_skip_tracking":false,"_monsterinsights_sitenote_active":false,"_monsterinsights_sitenote_note":"","_monsterinsights_sitenote_category":0,"footnotes":""},"class_list":["post-7674","page","type-page","status-publish","hentry"],"acf":[],"aioseo_notices":[],"_links":{"self":[{"href":"https:\/\/www.scpa-ca.ro\/en\/wp-json\/wp\/v2\/pages\/7674","targetHints":{"allow":["GET"]}}],"collection":[{"href":"https:\/\/www.scpa-ca.ro\/en\/wp-json\/wp\/v2\/pages"}],"about":[{"href":"https:\/\/www.scpa-ca.ro\/en\/wp-json\/wp\/v2\/types\/page"}],"author":[{"embeddable":true,"href":"https:\/\/www.scpa-ca.ro\/en\/wp-json\/wp\/v2\/users\/1"}],"replies":[{"embeddable":true,"href":"https:\/\/www.scpa-ca.ro\/en\/wp-json\/wp\/v2\/comments?post=7674"}],"version-history":[{"count":12,"href":"https:\/\/www.scpa-ca.ro\/en\/wp-json\/wp\/v2\/pages\/7674\/revisions"}],"predecessor-version":[{"id":7687,"href":"https:\/\/www.scpa-ca.ro\/en\/wp-json\/wp\/v2\/pages\/7674\/revisions\/7687"}],"wp:attachment":[{"href":"https:\/\/www.scpa-ca.ro\/en\/wp-json\/wp\/v2\/media?parent=7674"}],"curies":[{"name":"wp","href":"https:\/\/api.w.org\/{rel}","templated":true}]}}