{"id":7658,"date":"2025-11-02T20:42:50","date_gmt":"2025-11-02T20:42:50","guid":{"rendered":"https:\/\/scpa-ca.ro\/?page_id=7658"},"modified":"2025-11-02T20:52:16","modified_gmt":"2025-11-02T20:52:16","slug":"politica-cookie","status":"publish","type":"page","link":"https:\/\/www.scpa-ca.ro\/en\/politica-cookie\/","title":{"rendered":"Cookie Policy"},"content":{"rendered":"<div data-elementor-type=\"wp-page\" data-elementor-id=\"7658\" class=\"elementor elementor-7658\" data-elementor-post-type=\"page\">\n\t\t\t\t\t\t<section class=\"elementor-section elementor-top-section elementor-element elementor-element-de38b09 elementor-section-boxed elementor-section-height-default elementor-section-height-default\" data-id=\"de38b09\" data-element_type=\"section\" data-settings=\"{&quot;jet_parallax_layout_list&quot;:[]}\">\n\t\t\t\t\t\t<div class=\"elementor-container elementor-column-gap-default\">\n\t\t\t\t\t<div class=\"elementor-column elementor-col-100 elementor-top-column elementor-element elementor-element-cf46f54\" data-id=\"cf46f54\" data-element_type=\"column\">\n\t\t\t<div class=\"elementor-widget-wrap elementor-element-populated\">\n\t\t\t\t\t\t<div class=\"elementor-element elementor-element-fd4ae6e elementor-widget elementor-widget-text-editor\" data-id=\"fd4ae6e\" data-element_type=\"widget\" data-widget_type=\"text-editor.default\">\n\t\t\t\t<div class=\"elementor-widget-container\">\n\t\t\t\t\t\t\t\t\t<div style=\"\">\n<div data-elementor-type=\"wp-page\" data-elementor-id=\"2258\" data-elementor-post-type=\"page\" style=\"\">\n<div data-id=\"a8c378d\" data-element_type=\"container\" style=\"--flex-wrap: initial; --justify-content: initial; --align-items: initial; --align-content: initial; --gap: 20px 20px; --flex-basis: auto; --flex-grow: 0; --flex-shrink: 1; --order: initial; --align-self: initial; align-self: auto; flex: 0 1 auto; order: 0; --border-radius: 0; --border-top-width: 0px; --border-right-width: 0px; --border-bottom-width: 0px; --border-left-width: 0px; --border-style: initial; --border-color: initial; --container-widget-width: 100%; --container-widget-height: initial; --container-widget-flex-grow: 0; --container-widget-align-self: initial; --content-width: min(100%,1140px); --width: 100%; --min-height: initial; --height: auto; --text-align: initial; --margin-top: 0px; --margin-right: auto; --margin-bottom: 0px; --margin-left: auto; --padding-top: 10px; --padding-right: 10px; --padding-bottom: 10px; --padding-left: 10px; --position: relative; --z-index: revert; --overflow: visible; --row-gap: 20px; --column-gap: 20px; --overlay-mix-blend-mode: initial; --overlay-opacity: 1; --overlay-transition: 0.3s; --e-con-grid-template-columns: repeat(3,1fr); --e-con-grid-template-rows: repeat(2,1fr); border-radius: 0px; height: auto; min-height: auto; overflow: visible; position: relative; width: 100%; z-index: auto; --flex-wrap-mobile: wrap; margin-block: 0px; margin-inline: auto; padding-inline: 10px; transition: background 0.3s, border 0.3s, box-shadow 0.3s, transform 0.4s; --margin-block-start: 0px; --margin-block-end: 0px; --margin-inline-start: auto; --margin-inline-end: auto; --padding-inline-start: 10px; --padding-inline-end: 10px; --padding-block-start: 10px; --padding-block-end: 10px; --border-block-start-width: 0px; --border-block-end-width: 0px; --border-inline-start-width: 0px; --border-inline-end-width: 0px; display: flex; --container-max-width: 1140px; --widgets-spacing: 20px 20px; --widgets-spacing-row: 20px; --widgets-spacing-column: 20px; max-width: 100%; --display: flex;\">\n<div style=\"padding-block: 10px; text-align: start; display: flex; gap: 20px; height: 1599.11px; max-width: min(100%, 1140px); width: 1140px; flex-flow: column; place-content: normal; align-items: normal;\">\n<div data-id=\"cafe503\" data-element_type=\"widget\" data-widget_type=\"text-editor.default\" style=\"align-self: auto; flex: 0 1 auto; order: 0; place-content: normal; align-items: normal; flex-flow: row; gap: 20px; --widgets-spacing: 20px 20px; --widgets-spacing-row: 20px; --widgets-spacing-column: 20px; transition: background 0.3s, border 0.3s, border-radius 0.3s, box-shadow 0.3s, transform 0.4s;\">\n<p style=\"color: rgb(68, 68, 68); font-family: Barlow, sans-serif; font-size: 13px; margin-block: 0px 0.9rem;\"><span style=\"font-weight: bolder;\">Cookie Policy<\/span><\/p>\n<ol style=\"color: rgb(68, 68, 68); font-family: Barlow, sans-serif; font-size: 13px; margin-block: 0px;\">\n<li style=\"font-size: 13px; margin-block: 0px;\"><span style=\"font-weight: bolder;\">What are Cookies?<\/span><\/li>\n<\/ol>\n<p style=\"color: rgb(68, 68, 68); font-family: Barlow, sans-serif; font-size: 13px; margin-block: 0px 0.9rem;\">Cookies are small text files placed on your device (computer, tablet, mobile phone) when you visit a website. They are used to ensure the proper functioning of the website, to improve the user experience and to provide anonymous information about how the website is used.<\/p>\n<p style=\"color: rgb(68, 68, 68); font-family: Barlow, sans-serif; font-size: 13px; margin-block: 0px 0.9rem;\">Cookies can be:<\/p>\n<ul style=\"color: rgb(68, 68, 68); font-family: Barlow, sans-serif; font-size: 13px; margin-block: 0px;\">\n<li style=\"font-size: 13px; margin-block: 0px;\"><span style=\"font-weight: bolder;\">temporary (session)<\/span>&nbsp;\u2013 are automatically deleted when the browser is closed;<\/li>\n<li style=\"font-size: 13px; margin-block: 0px;\"><span style=\"font-weight: bolder;\">permanent (persistent)<\/span>&nbsp;\u2013 remain stored on the device until expired or manually deleted.<\/li>\n<\/ul>\n<p style=\"color: rgb(68, 68, 68); font-family: Barlow, sans-serif; font-size: 13px; margin-block: 0px 0.9rem;\">&nbsp;<\/p>\n<ol start=\"2\" style=\"color: rgb(68, 68, 68); font-family: Barlow, sans-serif; font-size: 13px; margin-block: 0px;\">\n<li style=\"font-size: 13px; margin-block: 0px;\"><span style=\"font-weight: bolder;\">Types of cookies used<\/span><\/li>\n<li style=\"font-size: 13px; margin-block: 0px;\"><span style=\"font-weight: bolder;\">a) Strictly necessary cookies<\/span><\/li>\n<\/ol>\n<p style=\"color: rgb(68, 68, 68); font-family: Barlow, sans-serif; font-size: 13px; margin-block: 0px 0.9rem;\">These are essential for the proper functioning of the site and cannot be disabled.<br>Examples: cookies for authentication, security settings, session saving.<\/p>\n<ol style=\"color: rgb(68, 68, 68); font-family: Barlow, sans-serif; font-size: 13px; margin-block: 0px;\">\n<li style=\"font-size: 13px; margin-block: 0px;\"><span style=\"font-weight: bolder;\">b) Analytical cookies<\/span><\/li>\n<\/ol>\n<p style=\"color: rgb(68, 68, 68); font-family: Barlow, sans-serif; font-size: 13px; margin-block: 0px 0.9rem;\">They allow us to collect anonymous data about how users use the site, in order to improve its content and structure.<br>Example: Google Analytics.<\/p>\n<ol style=\"color: rgb(68, 68, 68); font-family: Barlow, sans-serif; font-size: 13px; margin-block: 0px;\">\n<li style=\"font-size: 13px; margin-block: 0px;\"><span style=\"font-weight: bolder;\">c) Functional Cookies<\/span><\/li>\n<\/ol>\n<p style=\"color: rgb(68, 68, 68); font-family: Barlow, sans-serif; font-size: 13px; margin-block: 0px 0.9rem;\">I remember your preferences (e.g. language, display settings) to provide you with a personalized experience.<\/p>\n<ol style=\"color: rgb(68, 68, 68); font-family: Barlow, sans-serif; font-size: 13px; margin-block: 0px;\">\n<li style=\"font-size: 13px; margin-block: 0px;\"><span style=\"font-weight: bolder;\">d) Marketing Cookies<\/span><\/li>\n<\/ol>\n<p style=\"color: rgb(68, 68, 68); font-family: Barlow, sans-serif; font-size: 13px; margin-block: 0px 0.9rem;\">Used to show you relevant ads, measure campaign effectiveness and optimize communication.<br>Example: Facebook Pixel, Mailchimp, Sender.<\/p>\n<p style=\"color: rgb(68, 68, 68); font-family: Barlow, sans-serif; font-size: 13px; margin-block: 0px 0.9rem;\">&nbsp;<\/p>\n<ol start=\"3\" style=\"color: rgb(68, 68, 68); font-family: Barlow, sans-serif; font-size: 13px; margin-block: 0px;\">\n<li style=\"font-size: 13px; margin-block: 0px;\"><span style=\"font-weight: bolder;\">Cookies used by third parties<\/span><\/li>\n<\/ol>\n<p style=\"color: rgb(68, 68, 68); font-family: Barlow, sans-serif; font-size: 13px; margin-block: 0px 0.9rem;\">Cookies may be placed on our website by third parties, such as:<\/p>\n<ul style=\"color: rgb(68, 68, 68); font-family: Barlow, sans-serif; font-size: 13px; margin-block: 0px;\">\n<li style=\"font-size: 13px; margin-block: 0px;\"><span style=\"font-weight: bolder;\">Google<\/span>&nbsp;(Analytics, reCAPTCHA, YouTube)<\/li>\n<li style=\"font-size: 13px; margin-block: 0px;\"><span style=\"font-weight: bolder;\">Facebook<\/span>&nbsp;(Pixel, Social Plugins)<\/li>\n<li style=\"font-size: 13px; margin-block: 0px;\"><span style=\"font-weight: bolder;\">Mailchimp<\/span>&nbsp;(newsletters and email campaigns)<\/li>\n<\/ul>\n<p style=\"color: rgb(68, 68, 68); font-family: Barlow, sans-serif; font-size: 13px; margin-block: 0px 0.9rem;\">For details, please see the policies of these providers:<\/p>\n<ul style=\"color: rgb(68, 68, 68); font-family: Barlow, sans-serif; font-size: 13px; margin-block: 0px;\">\n<li style=\"font-size: 13px; margin-block: 0px;\"><a href=\"https:\/\/policies.google.com\/technologies\/cookies\">Google<\/a><\/li>\n<li style=\"font-size: 13px; margin-block: 0px;\"><a href=\"https:\/\/www.facebook.com\/policies\/cookies\">Facebook<\/a><\/li><\/ul><div><font color=\"#444444\" face=\"Barlow, sans-serif\"><span style=\"font-size: 13px;\"><br><\/span><\/font><\/div>\n<ol start=\"4\" style=\"color: rgb(68, 68, 68); font-family: Barlow, sans-serif; font-size: 13px; margin-block: 0px;\">\n<li style=\"font-size: 13px; margin-block: 0px;\">4. List of Cookies used<\/li>\n<\/ol>\n<div><font color=\"#444444\" face=\"Barlow, sans-serif\"><span style=\"font-size: 13px;\"><b>Name:&nbsp;<\/b><\/span><\/font><span style=\"background-color: rgba(128, 128, 128, 0.07); color: rgb(68, 68, 68); font-family: Barlow, sans-serif; font-size: 13px;\">_ga<\/span><\/div>\n<div><font color=\"#444444\" face=\"Barlow, sans-serif\"><span style=\"font-size: 13px;\"><b>Supplier:&nbsp;<\/b><\/span><\/font><span style=\"background-color: rgba(128, 128, 128, 0.07); color: rgb(68, 68, 68); font-family: Barlow, sans-serif; font-size: 13px;\">Google Analytics<\/span><\/div>\n<div><font color=\"#444444\" face=\"Barlow, sans-serif\"><span style=\"font-size: 13px;\"><b>Purpose:&nbsp;<\/b><\/span><\/font><span style=\"background-color: rgba(128, 128, 128, 0.07); color: rgb(68, 68, 68); font-family: Barlow, sans-serif; font-size: 13px;\">Traffic statistics<\/span><\/div>\n<div><span style=\"color: rgb(68, 68, 68); font-family: Barlow, sans-serif; font-size: 13px; font-weight: 700;\">Duration:&nbsp;<\/span><span style=\"background-color: rgba(128, 128, 128, 0.07); color: rgb(68, 68, 68); font-family: Barlow, sans-serif; font-size: 13px;\">2 years<\/span><\/div>\n<div><span style=\"color: rgb(68, 68, 68); font-family: Barlow, sans-serif; font-size: 13px; font-weight: 700;\">Type:&nbsp;<\/span><span style=\"background-color: rgba(128, 128, 128, 0.07); color: rgb(68, 68, 68); font-family: Barlow, sans-serif; font-size: 13px;\">Analytical<\/span><\/div>\n<div><span style=\"background-color: rgba(128, 128, 128, 0.07); color: rgb(68, 68, 68); font-family: Barlow, sans-serif; font-size: 13px;\"><br><\/span><\/div>\n<div>\n<div><font color=\"#444444\" face=\"Barlow, sans-serif\"><span style=\"font-size: 13px;\"><span style=\"font-weight: 700;\">Name:&nbsp;<\/span><\/span><\/font><span style=\"color: rgb(68, 68, 68); font-family: Barlow, sans-serif; font-size: 13px;\">_gid<\/span><\/div>\n<div><font color=\"#444444\" face=\"Barlow, sans-serif\"><span style=\"font-size: 13px;\"><span style=\"font-weight: 700;\">Supplier:&nbsp;<\/span><\/span><\/font><span style=\"background-color: rgba(128, 128, 128, 0.07); color: rgb(68, 68, 68); font-family: Barlow, sans-serif; font-size: 13px;\">Google Analytics<\/span><\/div>\n<div><font color=\"#444444\" face=\"Barlow, sans-serif\"><span style=\"font-size: 13px;\"><span style=\"font-weight: 700;\">Purpose:&nbsp;<\/span><\/span><\/font><span style=\"color: rgb(68, 68, 68); font-family: Barlow, sans-serif; font-size: 13px;\">Daily statistics<\/span><\/div>\n<div><span style=\"color: rgb(68, 68, 68); font-family: Barlow, sans-serif; font-size: 13px; font-weight: 700;\">Duration:&nbsp;<\/span><span style=\"color: rgb(68, 68, 68); font-family: Barlow, sans-serif; font-size: 13px;\">24 h<\/span><\/div>\n<div><span style=\"color: rgb(68, 68, 68); font-family: Barlow, sans-serif; font-size: 13px; font-weight: 700;\">Type:&nbsp;<\/span><span style=\"background-color: rgba(128, 128, 128, 0.07); color: rgb(68, 68, 68); font-family: Barlow, sans-serif; font-size: 13px;\">Analytical<\/span><\/div>\n<\/div>\n<div><span style=\"background-color: rgba(128, 128, 128, 0.07); color: rgb(68, 68, 68); font-family: Barlow, sans-serif; font-size: 13px;\"><br><\/span><\/div>\n<div>\n<div><font color=\"#444444\" face=\"Barlow, sans-serif\" style=\"font-size: 1rem;\"><span style=\"font-size: 13px;\"><span style=\"font-weight: 700;\">Name:&nbsp;<\/span><\/span><\/font><span style=\"color: rgb(68, 68, 68); font-family: Barlow, sans-serif; font-size: 13px;\">PHPSESSID<\/span><\/div>\n<\/div>\n<div>\n<div><font color=\"#444444\" face=\"Barlow, sans-serif\"><span style=\"font-size: 13px;\"><span style=\"font-weight: 700;\">Supplier:&nbsp;<\/span><\/span><\/font><span style=\"color: rgb(68, 68, 68); font-family: Barlow, sans-serif; font-size: 13px;\">scpa-ca.ro<\/span><\/div>\n<div><font color=\"#444444\" face=\"Barlow, sans-serif\"><span style=\"font-size: 13px;\"><span style=\"font-weight: 700;\">Purpose:&nbsp;<\/span><\/span><\/font><span style=\"color: rgb(68, 68, 68); font-family: Barlow, sans-serif; font-size: 13px;\">Keep user session<\/span><\/div>\n<div><span style=\"color: rgb(68, 68, 68); font-family: Barlow, sans-serif; font-size: 13px; font-weight: 700;\">Duration:&nbsp;<\/span><span style=\"color: rgb(68, 68, 68); font-family: Barlow, sans-serif; font-size: 13px;\">Session<\/span><\/div>\n<div><span style=\"color: rgb(68, 68, 68); font-family: Barlow, sans-serif; font-size: 13px; font-weight: 700;\">Type:&nbsp;<\/span><span style=\"color: rgb(68, 68, 68); font-family: Barlow, sans-serif; font-size: 13px;\">Strictly necessary<\/span><\/div>\n<\/div>\n<div><br><\/div>\n<ol start=\"5\" style=\"color: rgb(68, 68, 68); font-family: Barlow, sans-serif; font-size: 13px; margin-block: 0px;\">\n<li style=\"font-size: 13px; margin-block: 0px;\"><span style=\"font-weight: bolder;\">Legal basis<\/span><\/li>\n<\/ol>\n<ul style=\"color: rgb(68, 68, 68); font-family: Barlow, sans-serif; font-size: 13px; margin-block: 0px;\">\n<li style=\"font-size: 13px; margin-block: 0px;\" class=\"translation-block\">Strictly necessary cookies are placed based on the\u00a0<span style=\"font-weight: bolder\">Provider's legitimate interest<\/span>\u00a0to ensure the functionality of the site.<\/li>\n<li style=\"font-size: 13px; margin-block: 0px;\" class=\"translation-block\">For all other types of cookies, the legal basis is <span style=\"font-weight: bolder\">the user's consent<\/span>, expressed upon first accessing the site.<\/li>\n<\/ul>\n<p style=\"color: rgb(68, 68, 68); font-family: Barlow, sans-serif; font-size: 13px; margin-block: 0px 0.9rem;\">&nbsp;<\/p>\n<ol start=\"6\" style=\"color: rgb(68, 68, 68); font-family: Barlow, sans-serif; font-size: 13px; margin-block: 0px;\">\n<li style=\"font-size: 13px; margin-block: 0px;\"><span style=\"font-weight: bolder;\">How you can control cookies<\/span><\/li>\n<\/ol>\n<ul style=\"color: rgb(68, 68, 68); font-family: Barlow, sans-serif; font-size: 13px; margin-block: 0px;\">\n<li style=\"font-size: 13px; margin-block: 0px;\">Through browser settings (delete or block).<\/li>\n<li style=\"font-size: 13px; margin-block: 0px;\">Through the \"Consent Management\" function available on the website<\/li>\n<li style=\"font-size: 13px; margin-block: 0px;\">The withdrawal of consent does not affect the lawfulness of the processing carried out before the withdrawal<\/li>\n<\/ul>\n<p style=\"color: rgb(68, 68, 68); font-family: Barlow, sans-serif; font-size: 13px; margin-block: 0px 0.9rem;\">&nbsp;<\/p>\n<ol start=\"7\" style=\"color: rgb(68, 68, 68); font-family: Barlow, sans-serif; font-size: 13px; margin-block: 0px;\">\n<li style=\"font-size: 13px; margin-block: 0px;\"><span style=\"font-weight: bolder;\">User rights<\/span><\/li>\n<\/ol>\n<p style=\"margin-block: 0px 0.9rem;\"><font color=\"#444444\" face=\"Barlow, sans-serif\"><span style=\"font-size: 13px;\">According to Regulation (EU) 2016\/679 (GDPR), you have the right to access, rectify, erase data, restrict processing and withdraw consent. You can exercise these rights by sending a request to: <b>office@scpa-ca.ro<\/b><\/span><\/font><\/p>\n<ol start=\"8\" style=\"color: rgb(68, 68, 68); font-family: Barlow, sans-serif; font-size: 13px; margin-block: 0px;\">\n<li style=\"font-size: 13px; margin-block: 0px;\"><span style=\"font-weight: bolder;\">Updates<\/span><\/li>\n<\/ol>\n<p style=\"color: rgb(68, 68, 68); font-family: Barlow, sans-serif; font-size: 13px; margin-block: 0px 0.9rem;\">This cookie policy may be modified periodically to reflect technical or legislative changes.<br><span style=\"font-weight: bolder;\">Last updated: September 2025<\/span><\/p>\n<\/div>\n<\/div>\n<\/div>\n<\/div>\n<\/div>\t\t\t\t\t\t\t\t<\/div>\n\t\t\t\t<\/div>\n\t\t\t\t\t<\/div>\n\t\t<\/div>\n\t\t\t\t\t<\/div>\n\t\t<\/section>\n\t\t\t\t<section class=\"elementor-section elementor-top-section elementor-element elementor-element-a40c154 elementor-section-boxed elementor-section-height-default elementor-section-height-default\" data-id=\"a40c154\" data-element_type=\"section\" data-settings=\"{&quot;jet_parallax_layout_list&quot;:[]}\">\n\t\t\t\t\t\t<div class=\"elementor-container elementor-column-gap-default\">\n\t\t\t\t\t<div class=\"elementor-column elementor-col-100 elementor-top-column elementor-element elementor-element-7933382\" data-id=\"7933382\" data-element_type=\"column\">\n\t\t\t<div class=\"elementor-widget-wrap\">\n\t\t\t\t\t\t\t<\/div>\n\t\t<\/div>\n\t\t\t\t\t<\/div>\n\t\t<\/section>\n\t\t\t\t<\/div>","protected":false},"excerpt":{"rendered":"<p>Politica de utilizare a Cookie-urilor Ce sunt cookie-urile? Cookie-urile sunt fi\u0219iere text mici, plasate pe dispozitivul dvs. (computer, tablet\u0103, telefon mobil) atunci c\u00e2nd vizita\u021bi un site web. Acestea sunt utilizate pentru a asigura func\u021bionarea corect\u0103 a site-ului, pentru a \u00eembun\u0103t\u0103\u021bi experien\u021ba utilizatorului \u0219i pentru a furniza informa\u021bii anonime despre modul \u00een care este folosit site-ul. [&hellip;]<\/p>","protected":false},"author":1,"featured_media":0,"parent":0,"menu_order":0,"comment_status":"closed","ping_status":"closed","template":"","meta":{"_acf_changed":false,"_monsterinsights_skip_tracking":false,"_monsterinsights_sitenote_active":false,"_monsterinsights_sitenote_note":"","_monsterinsights_sitenote_category":0,"footnotes":""},"class_list":["post-7658","page","type-page","status-publish","hentry"],"acf":[],"aioseo_notices":[],"_links":{"self":[{"href":"https:\/\/www.scpa-ca.ro\/en\/wp-json\/wp\/v2\/pages\/7658","targetHints":{"allow":["GET"]}}],"collection":[{"href":"https:\/\/www.scpa-ca.ro\/en\/wp-json\/wp\/v2\/pages"}],"about":[{"href":"https:\/\/www.scpa-ca.ro\/en\/wp-json\/wp\/v2\/types\/page"}],"author":[{"embeddable":true,"href":"https:\/\/www.scpa-ca.ro\/en\/wp-json\/wp\/v2\/users\/1"}],"replies":[{"embeddable":true,"href":"https:\/\/www.scpa-ca.ro\/en\/wp-json\/wp\/v2\/comments?post=7658"}],"version-history":[{"count":12,"href":"https:\/\/www.scpa-ca.ro\/en\/wp-json\/wp\/v2\/pages\/7658\/revisions"}],"predecessor-version":[{"id":7670,"href":"https:\/\/www.scpa-ca.ro\/en\/wp-json\/wp\/v2\/pages\/7658\/revisions\/7670"}],"wp:attachment":[{"href":"https:\/\/www.scpa-ca.ro\/en\/wp-json\/wp\/v2\/media?parent=7658"}],"curies":[{"name":"wp","href":"https:\/\/api.w.org\/{rel}","templated":true}]}}